{"id":2211,"date":"2018-12-02T15:31:19","date_gmt":"2018-12-02T14:31:19","guid":{"rendered":"http:\/\/www.parneix.com\/\/?page_id=2211"},"modified":"2018-12-14T11:34:29","modified_gmt":"2018-12-14T10:34:29","slug":"devis","status":"publish","type":"page","link":"http:\/\/www.parneix.com\/?page_id=2211","title":{"rendered":"Devis"},"content":{"rendered":"<p>[vc_row][vc_column][vc_empty_space height=\u00a0\u00bb30px\u00a0\u00bb][\/vc_column][\/vc_row][vc_row][vc_column][vc_column_text]<strong>Envoyez-nous votre demande de devis, nous vous contacterons au plus vite !<\/strong>[\/vc_column_text][\/vc_column][\/vc_row][vc_row][vc_column][lab_contact_form name_title=\u00a0\u00bbNom :\u00a0\u00bb email_title=\u00a0\u00bbEmail :\u00a0\u00bb message_title=\u00a0\u00bbMessage :\u00a0\u00bb show_subject_field=\u00a0\u00bbyes\u00a0\u00bb subject_title=\u00a0\u00bbSujet :\u00a0\u00bb submit_title=\u00a0\u00bbEnvoyer\u00a0\u00bb submit_success=\u00a0\u00bbVotre demande a bien \u00e9t\u00e9 envoy\u00e9e.\u00a0\u00bb alert_errors=\u00a0\u00bbyes\u00a0\u00bb subject_field_as_email_subject=\u00a0\u00bbyes\u00a0\u00bb][\/vc_column][\/vc_row]<\/p>\n","protected":false},"excerpt":{"rendered":"<p>[vc_row][vc_column][vc_empty_space height=\u00a0\u00bb30px\u00a0\u00bb][\/vc_column][\/vc_row][vc_row][vc_column][vc_column_text]Envoyez-nous votre demande de devis, nous vous contacterons au plus vite ![\/vc_column_text][\/vc_column][\/vc_row][vc_row][vc_column][lab_contact_form name_title=\u00a0\u00bbNom :\u00a0\u00bb email_title=\u00a0\u00bbEmail :\u00a0\u00bb message_title=\u00a0\u00bbMessage :\u00a0\u00bb show_subject_field=\u00a0\u00bbyes\u00a0\u00bb subject_title=\u00a0\u00bbSujet :\u00a0\u00bb submit_title=\u00a0\u00bbEnvoyer\u00a0\u00bb submit_success=\u00a0\u00bbVotre demande a bien \u00e9t\u00e9 envoy\u00e9e.\u00a0\u00bb alert_errors=\u00a0\u00bbyes\u00a0\u00bb subject_field_as_email_subject=\u00a0\u00bbyes\u00a0\u00bb][\/vc_column][\/vc_row]<\/p>\n","protected":false},"author":1,"featured_media":0,"parent":0,"menu_order":0,"comment_status":"closed","ping_status":"closed","template":"","meta":[],"_links":{"self":[{"href":"http:\/\/www.parneix.com\/index.php?rest_route=\/wp\/v2\/pages\/2211"}],"collection":[{"href":"http:\/\/www.parneix.com\/index.php?rest_route=\/wp\/v2\/pages"}],"about":[{"href":"http:\/\/www.parneix.com\/index.php?rest_route=\/wp\/v2\/types\/page"}],"author":[{"embeddable":true,"href":"http:\/\/www.parneix.com\/index.php?rest_route=\/wp\/v2\/users\/1"}],"replies":[{"embeddable":true,"href":"http:\/\/www.parneix.com\/index.php?rest_route=%2Fwp%2Fv2%2Fcomments&post=2211"}],"version-history":[{"count":3,"href":"http:\/\/www.parneix.com\/index.php?rest_route=\/wp\/v2\/pages\/2211\/revisions"}],"predecessor-version":[{"id":2267,"href":"http:\/\/www.parneix.com\/index.php?rest_route=\/wp\/v2\/pages\/2211\/revisions\/2267"}],"wp:attachment":[{"href":"http:\/\/www.parneix.com\/index.php?rest_route=%2Fwp%2Fv2%2Fmedia&parent=2211"}],"curies":[{"name":"wp","href":"https:\/\/api.w.org\/{rel}","templated":true}]}}